{"id":2038,"date":"2023-07-12T00:37:08","date_gmt":"2023-07-11T22:37:08","guid":{"rendered":"http:\/\/www.homeportal.cz\/my-wishlist\/"},"modified":"2023-08-10T12:10:29","modified_gmt":"2023-08-10T10:10:29","slug":"muj-ucet","status":"publish","type":"page","link":"https:\/\/www.homeportal.cz\/cs\/muj-ucet\/","title":{"rendered":"M\u016fj \u00fa\u010det"},"content":{"rendered":"<p><strong>V\u00edtejte ve sv\u00e9m \u00fa\u010dtu.<\/strong><\/p>\n<p>Zde si m\u016f\u017eete pohodln\u011b upravit z\u00e1kladn\u00ed \u00fadaje.<\/p>\n","protected":false},"excerpt":{"rendered":"<p>V\u00edtejte ve sv\u00e9m \u00fa\u010dtu. Zde si m\u016f\u017eete pohodln\u011b upravit z\u00e1kladn\u00ed \u00fadaje.<\/p>\n","protected":false},"author":1,"featured_media":0,"parent":0,"menu_order":0,"comment_status":"closed","ping_status":"closed","template":"page-muj-ucet.php","meta":{"_acf_changed":false,"inline_featured_image":false,"footnotes":""},"class_list":["post-2038","page","type-page","status-publish","hentry"],"acf":[],"aioseo_notices":[],"_links":{"self":[{"href":"https:\/\/www.homeportal.cz\/cs\/wp-json\/wp\/v2\/pages\/2038","targetHints":{"allow":["GET"]}}],"collection":[{"href":"https:\/\/www.homeportal.cz\/cs\/wp-json\/wp\/v2\/pages"}],"about":[{"href":"https:\/\/www.homeportal.cz\/cs\/wp-json\/wp\/v2\/types\/page"}],"author":[{"embeddable":true,"href":"https:\/\/www.homeportal.cz\/cs\/wp-json\/wp\/v2\/users\/1"}],"replies":[{"embeddable":true,"href":"https:\/\/www.homeportal.cz\/cs\/wp-json\/wp\/v2\/comments?post=2038"}],"version-history":[{"count":4,"href":"https:\/\/www.homeportal.cz\/cs\/wp-json\/wp\/v2\/pages\/2038\/revisions"}],"predecessor-version":[{"id":2837,"href":"https:\/\/www.homeportal.cz\/cs\/wp-json\/wp\/v2\/pages\/2038\/revisions\/2837"}],"wp:attachment":[{"href":"https:\/\/www.homeportal.cz\/cs\/wp-json\/wp\/v2\/media?parent=2038"}],"curies":[{"name":"wp","href":"https:\/\/api.w.org\/{rel}","templated":true}]}}