{"id":2838,"date":"2023-07-19T23:10:10","date_gmt":"2023-07-19T21:10:10","guid":{"rendered":"http:\/\/www.homeportal.cz?page_id=2838"},"modified":"2023-08-10T13:13:13","modified_gmt":"2023-08-10T11:13:13","slug":"prihlaseni","status":"publish","type":"page","link":"https:\/\/www.homeportal.cz\/cs\/prihlaseni\/","title":{"rendered":"V\u00edtejte na Home Portal"},"content":{"rendered":"\t\t\t\t\t\t\t<div class=\"update-form login\">\r\n\t\t\t\t\t<form id=\"custom-login-form\" name=\"loginform\" action=\"https:\/\/www.homeportal.cz\/wp-login.php\" method=\"post\">\r\n\t\t\t\t\t\t<input type=\"text\" name=\"log\" id=\"user_login\" class=\"input\" value=\"\" size=\"20\" placeholder=\"U\u017eiv. jm\u00e9no\" required>\r\n\t\t\t\t\t\t<input type=\"password\" name=\"pwd\" id=\"user_pass\" class=\"input\" value=\"\" size=\"20\" placeholder=\"Heslo\" required>\r\n\t\t\t\t\t\t<input type=\"submit\" name=\"wp-submit\" id=\"wp-submit\" class=\"button button-primary\" value=\"P\u0159ihl\u00e1sit se\">\r\n\t\t\t\t\t\t<input type=\"hidden\" name=\"redirect_to\" value=\"https:\/\/www.homeportal.cz\/cs\/muj-ucet\/\">\r\n\t\t\t\t\t\t<input type=\"hidden\" name=\"testcookie\" value=\"1\">\r\n\t\t\t\t\t<\/form>\r\n\t\t\t\t\t<a href=\"https:\/\/www.homeportal.cz\/cs\/registrace\/\" id=\"reg\" class=\"button center\">Nem\u00e1te \u00fa\u010det? Zaregistrujte se<\/a>\r\n\t\t\t\t\t<div ><div class=\"the_champ_login_container\"><ul class=\"the_champ_login_ul\"><li><i class=\"theChampLogin theChampFacebookBackground theChampFacebookLogin\" alt=\"Login with Facebook\" title=\"Login with Facebook\" onclick=\"theChampInitiateLogin(this, 'facebook')\" ><div class=\"theChampFacebookLogoContainer\"><ss style=\"display:block\" class=\"theChampLoginSvg theChampFacebookLoginSvg\"><\/ss><\/div><\/i><\/li><li><i id=\"theChampGoogleButton\" class=\"theChampLogin theChampGoogleBackground theChampGoogleLogin\" alt=\"Login with Google\" title=\"Login with Google\" onclick=\"theChampInitiateLogin(this, 'google')\" ><ss style=\"display:block\" class=\"theChampLoginSvg theChampGoogleLoginSvg\"><\/ss><\/i><\/li><\/ul><\/div><\/div><div style=\"clear:both\"><\/div>\t\t\t\t<\/div>\r\n\t\t\t\t\r\n\t\t\t\t\t\n","protected":false},"excerpt":{"rendered":"","protected":false},"author":1,"featured_media":3302,"parent":0,"menu_order":0,"comment_status":"closed","ping_status":"closed","template":"","meta":{"_acf_changed":false,"inline_featured_image":false,"footnotes":""},"class_list":["post-2838","page","type-page","status-publish","has-post-thumbnail","hentry"],"acf":[],"aioseo_notices":[],"_links":{"self":[{"href":"https:\/\/www.homeportal.cz\/cs\/wp-json\/wp\/v2\/pages\/2838","targetHints":{"allow":["GET"]}}],"collection":[{"href":"https:\/\/www.homeportal.cz\/cs\/wp-json\/wp\/v2\/pages"}],"about":[{"href":"https:\/\/www.homeportal.cz\/cs\/wp-json\/wp\/v2\/types\/page"}],"author":[{"embeddable":true,"href":"https:\/\/www.homeportal.cz\/cs\/wp-json\/wp\/v2\/users\/1"}],"replies":[{"embeddable":true,"href":"https:\/\/www.homeportal.cz\/cs\/wp-json\/wp\/v2\/comments?post=2838"}],"version-history":[{"count":11,"href":"https:\/\/www.homeportal.cz\/cs\/wp-json\/wp\/v2\/pages\/2838\/revisions"}],"predecessor-version":[{"id":3270,"href":"https:\/\/www.homeportal.cz\/cs\/wp-json\/wp\/v2\/pages\/2838\/revisions\/3270"}],"wp:featuredmedia":[{"embeddable":true,"href":"https:\/\/www.homeportal.cz\/cs\/wp-json\/wp\/v2\/media\/3302"}],"wp:attachment":[{"href":"https:\/\/www.homeportal.cz\/cs\/wp-json\/wp\/v2\/media?parent=2838"}],"curies":[{"name":"wp","href":"https:\/\/api.w.org\/{rel}","templated":true}]}}