{"id":2848,"date":"2023-07-20T00:05:43","date_gmt":"2023-07-19T22:05:43","guid":{"rendered":"http:\/\/www.homeportal.cz?page_id=2848"},"modified":"2023-07-20T00:06:09","modified_gmt":"2023-07-19T22:06:09","slug":"registrace","status":"publish","type":"page","link":"https:\/\/www.homeportal.cz\/cs\/registrace\/","title":{"rendered":"Registrace"},"content":{"rendered":"\t\t\t\t\t <div class=\"update-form login\">\r\n\t\t\t<form id=\"custom-registration-form\" method=\"post\" action=\"https:\/\/www.homeportal.cz\/wp-admin\/admin-post.php\">\r\n\t\t\t\t<input type=\"hidden\" name=\"action\" value=\"custom_registration\">\r\n\t\t\t\t<input type=\"hidden\" id=\"custom_registration_nonce\" name=\"custom_registration_nonce\" value=\"4741a45b7c\" \/><input type=\"hidden\" name=\"_wp_http_referer\" value=\"\/cs\/wp-json\/wp\/v2\/pages\/2848\" \/>\t\t\t\t<input type=\"text\" name=\"username\" placeholder=\"\" required>\r\n\t\t\t\t<input type=\"email\" name=\"email\" placeholder=\"\" required>\r\n\t\t\t\t<input type=\"password\" name=\"password\" placeholder=\"\" required>\r\n\t\t\t\t<input type=\"submit\" value=\"\"\/>\r\n\t\t\t\t<p style=\"margin-top: 25px;\" class=\"reg-gdpr-info\">Odesl\u00e1n\u00edm formul\u00e1\u0159e <a target=\"_blank\" href=\"\/cs\/pravni-dokumenty\/\">souhlas\u00edm s p\u0159ed\u00e1n\u00edm osobn\u00edch \u00fadaj\u016f<\/a> a potvrzuji, \u017ee jsem se sezn\u00e1mil\/a s <a target=\"_blank\" href=\"\/cs\/pravni-dokumenty\/\">podm\u00ednkami zpracov\u00e1n\u00ed osobn\u00edch \u00fadaj\u016f<\/a>.<\/p>\r\n\t\t\t<\/form>\r\n\t\t<\/div>\r\n\t\t\t\t\t\n","protected":false},"excerpt":{"rendered":"","protected":false},"author":1,"featured_media":0,"parent":0,"menu_order":0,"comment_status":"closed","ping_status":"closed","template":"","meta":{"_acf_changed":false,"inline_featured_image":false,"footnotes":""},"class_list":["post-2848","page","type-page","status-publish","hentry"],"acf":[],"aioseo_notices":[],"_links":{"self":[{"href":"https:\/\/www.homeportal.cz\/cs\/wp-json\/wp\/v2\/pages\/2848","targetHints":{"allow":["GET"]}}],"collection":[{"href":"https:\/\/www.homeportal.cz\/cs\/wp-json\/wp\/v2\/pages"}],"about":[{"href":"https:\/\/www.homeportal.cz\/cs\/wp-json\/wp\/v2\/types\/page"}],"author":[{"embeddable":true,"href":"https:\/\/www.homeportal.cz\/cs\/wp-json\/wp\/v2\/users\/1"}],"replies":[{"embeddable":true,"href":"https:\/\/www.homeportal.cz\/cs\/wp-json\/wp\/v2\/comments?post=2848"}],"version-history":[{"count":1,"href":"https:\/\/www.homeportal.cz\/cs\/wp-json\/wp\/v2\/pages\/2848\/revisions"}],"predecessor-version":[{"id":2849,"href":"https:\/\/www.homeportal.cz\/cs\/wp-json\/wp\/v2\/pages\/2848\/revisions\/2849"}],"wp:attachment":[{"href":"https:\/\/www.homeportal.cz\/cs\/wp-json\/wp\/v2\/media?parent=2848"}],"curies":[{"name":"wp","href":"https:\/\/api.w.org\/{rel}","templated":true}]}}