{"id":3262,"date":"2023-08-04T12:57:47","date_gmt":"2023-08-04T10:57:47","guid":{"rendered":"http:\/\/www.homeportal.cz?page_id=3262"},"modified":"2023-08-10T11:15:07","modified_gmt":"2023-08-10T09:15:07","slug":"cookies","status":"publish","type":"page","link":"https:\/\/www.homeportal.cz\/cs\/cookies\/","title":{"rendered":"Cookies"},"content":{"rendered":"\n<p>Spole\u010dnost<a href=\"https:\/\/portaljungle.com\" target=\"_blank\" rel=\"noopener\" title=\"\">&nbsp;<strong>Portal Jungle, s.r.o<\/strong><\/a><strong>. <\/strong>I\u010cO: 07613750, se s\u00eddlem V\u00e1clavsk\u00e9 n\u00e1m\u011bst\u00ed 841\/3, Nov\u00e9 M\u011bsto, 110 00 Praha&nbsp;1, zapsan\u00e1 v&nbsp;obchodn\u00edm rejst\u0159\u00edku veden\u00e9m M\u011bstsk\u00fdm soudem v&nbsp;Praze pod sp. zn. C 304069 provozuje webov\u00e9 str\u00e1nky <a href=\"https:\/\/www.homeportal.cz\" target=\"_blank\" rel=\"noopener\" title=\"www.homeportal.cz\">www.homeportal.cz<\/a>, kter\u00e9 pou\u017e\u00edvaj\u00ed soubory cookies.<\/p>\n\n\n\n<p>N\u00ed\u017ee poskytujeme bli\u017e\u0161\u00ed informace o pou\u017e\u00edvan\u00fdch souborech cookies a mo\u017enostech jejich odm\u00edtnut\u00ed.<\/p>\n\n\n\n<h2 class=\"wp-block-heading\"><strong>CO JSOU TO SOUBORY COOKIES?<\/strong><\/h2>\n\n\n\n<p>Cookies jsou mal\u00e9 textov\u00e9 soubory, kter\u00e9 nav\u0161t\u00edven\u00fd web pos\u00edl\u00e1 na u\u017eivatelovo za\u0159\u00edzen\u00ed (obvykle prohl\u00ed\u017ee\u010d). Pot\u00e9 jsou ulo\u017eeny na za\u0159\u00edzen\u00ed a p\u0159eneseny zp\u011bt na dan\u00fd web v&nbsp;p\u0159\u00edpad\u011b, \u017ee jej u\u017eivatel nav\u0161t\u00edv\u00ed znovu, resp. p\u0159\u00edpadn\u011b na jin\u00fd web, pokud je rozpozn\u00e1.<\/p>\n\n\n\n<p>V&nbsp;r\u00e1mci t\u00e9to informace pod pojmem cookies rozum\u00edme tak\u00e9 dal\u0161\u00ed obdobn\u00e9 technologie jako jsou pixelov\u00e9 zna\u010dky, web beacons nebo identifik\u00e1tory za\u0159\u00edzen\u00ed.<\/p>\n\n\n\n<p>B\u011b\u017en\u011b se rozli\u0161uj\u00ed dva z\u00e1kladn\u00ed typy cookies:<\/p>\n\n\n\n<ul class=\"wp-block-list\">\n<li><strong>Vlastn\u00ed cookies<\/strong>&nbsp;(cookies prvn\u00edch stran) jsou cookies, kter\u00e9 jsou tvo\u0159eny pr\u00e1v\u011b proch\u00e1zen\u00fdm webem a mohou b\u00fdt \u010dteny pouze str\u00e1nkami tohoto webu;<\/li>\n\n\n\n<li><strong>Ciz\u00ed cookies<\/strong>&nbsp;(cookies t\u0159et\u00edch stran) jsou cookies, kter\u00e9 jsou tvo\u0159eny jin\u00fdmi str\u00e1nkami ne\u017e tou, na kter\u00e9 se u\u017eivatel pr\u00e1v\u011b nach\u00e1z\u00ed, typicky jde o str\u00e1nky, kter\u00e9 na pr\u00e1v\u011b proch\u00e1zen\u00e9m webu vlastn\u00ed n\u011bjak\u00fd obsah (nap\u0159. video nebo reklama).<\/li>\n<\/ul>\n\n\n\n<p>Cookies je tak\u00e9 mo\u017en\u00e9 rozd\u011blit do kategori\u00ed podle \u00fa\u010delu, pro kter\u00fd jsou pou\u017e\u00edv\u00e1ny:<\/p>\n\n\n\n<h3 class=\"wp-block-heading\"><strong>Technick\u00e9 cookies<\/strong><\/h3>\n\n\n\n<p>Technick\u00e9 cookies jsou nezbytn\u00e9 pro spr\u00e1vn\u00e9 fungov\u00e1n\u00ed webu. Ve va\u0161em prohl\u00ed\u017ee\u010di jsou ulo\u017eeny kompletn\u011b anonymn\u00ed informace. Pokud jsou tyto cookies vypnuty, budou n\u011bkter\u00e9 funkce na\u0161ich webov\u00fdch str\u00e1nek znemo\u017en\u011bny.<\/p>\n\n\n\n<h3 class=\"wp-block-heading\"><strong>Preferen\u010dn\u00ed<\/strong><strong>&nbsp;cookies<\/strong><\/h3>\n\n\n\n<p>Preferen\u010dn\u00ed cookies n\u00e1m pom\u00e1haj\u00ed, abyste si v\u00edce u\u017eili n\u00e1\u0161 web. Ur\u010d\u00edme preferovan\u00fd jazyk, status n\u00e1v\u0161t\u011bvn\u00edka a podobn\u011b. Tyto cookies m\u016f\u017eeme pou\u017e\u00edt pouze, pokud n\u00e1m k&nbsp;tomu v&nbsp;r\u00e1mci cookie li\u0161ty d\u00e1te sv\u016fj souhlas.<\/p>\n\n\n\n<h3 class=\"wp-block-heading\"><strong>Analytick\u00e9 cookies<\/strong><\/h3>\n\n\n\n<p>Analytick\u00e9 cookies jsou d\u016fle\u017eit\u00e9 pro analyzov\u00e1n\u00ed n\u00e1v\u0161t\u011bvnosti webu. Pom\u00e1haj\u00ed udr\u017eovat informace o tom, jak n\u00e1v\u0161t\u011bvn\u00edci n\u00e1\u0161 web pou\u017e\u00edvaj\u00ed a pom\u00e1haj\u00ed n\u00e1m identifikovat, kde se zlep\u0161it. Tyto cookies m\u016f\u017eeme pou\u017e\u00edt pouze, pokud n\u00e1m k&nbsp;tomu v&nbsp;r\u00e1mci cookie li\u0161ty d\u00e1te sv\u016fj souhlas.<\/p>\n\n\n\n<h3 class=\"wp-block-heading\"><strong>Marketingov\u00e9<\/strong><strong>&nbsp;cookies<\/strong><\/h3>\n\n\n\n<p>Marketingov\u00e9 cookies pom\u00e1haj\u00ed propojovat web se soci\u00e1ln\u00edmi s\u00edt\u011bmi jako nap\u0159. Facebook, d\u00edky marketingov\u00fdm cookies funguje tak\u00e9 c\u00edlen\u00ed reklamy mimo tuto str\u00e1nku (tj. zobrazov\u00e1n\u00ed reklamn\u00edch sd\u011blen\u00ed podle Va\u0161ich z\u00e1jm\u016f, resp. historie vyhled\u00e1v\u00e1n\u00ed). Tyto cookies m\u016f\u017eeme pou\u017e\u00edt pouze, pokud n\u00e1m k&nbsp;tomu v&nbsp;r\u00e1mci cookie li\u0161ty d\u00e1te sv\u016fj souhlas.<\/p>\n\n\n\n<h2 class=\"wp-block-heading\"><strong>KTER\u00c9 COOKIES JSOU POU\u017d\u00cdV\u00c1NY NA TOMTO WEBU?<\/strong><\/h2>\n\n\n\n<h3 class=\"wp-block-heading\"><strong>Technick\u00e9 cookies<\/strong><\/h3>\n\n\n\n<figure class=\"wp-block-table\"><table><tbody><tr><td><strong>N\u00e1zev cookie<\/strong><\/td><td><strong>Typ cookie<\/strong><\/td><td><strong>\u00da\u010del&nbsp;<\/strong><\/td><td><strong>Zaznamen\u00e1van\u00e9 \u00fadaje<\/strong><\/td><td><strong>Doba trv\u00e1n\u00ed<\/strong><\/td><td><strong>P\u016fvod cookie a souvisej\u00edc\u00ed informace<\/strong><\/td><\/tr><tr><td>_grecaptcha, Rc::a, rc::b, rc::c, rc::d-#<\/td><td>html<\/td><td>Rozli\u0161ov\u00e1n\u00ed robot\u016f a lid\u00ed. Recaptcha<\/td><td><\/td><td>2 roky<\/td><td>homeportal.cz<\/td><\/tr><tr><td>Test_cookie<\/td><td>http<\/td><td>Test, zdali prohl\u00ed\u017ee\u010d p\u0159ij\u00edm\u00e1 cookie<\/td><td><\/td><td>1 den<\/td><td>Doubleclick.net<\/td><\/tr><\/tbody><\/table><\/figure>\n\n\n\n<h3 class=\"wp-block-heading\"><strong>Preferen\u010dn\u00ed<\/strong><strong>&nbsp;cookies<\/strong><\/h3>\n\n\n\n<figure class=\"wp-block-table\"><table><tbody><tr><td><strong>N\u00e1zev cookie<\/strong><\/td><td><strong>Typ cookie<\/strong><\/td><td><strong>\u00da\u010del&nbsp;<\/strong><\/td><td><strong>Zaznamen\u00e1van\u00e9 \u00fadaje<\/strong><\/td><td><strong>Doba trv\u00e1n\u00ed<\/strong><\/td><td><strong>P\u016fvod cookie a souvisej\u00edc\u00ed informace<\/strong><\/td><\/tr><tr><td>Lang<\/td><td>http<\/td><td>V\u00fdb\u011br jazykov\u00e9 mutace webu<\/td><td>V\u00fdb\u011br jazyka<\/td><td>Session<\/td><td>homeportal.cz, LinkedIn<\/td><\/tr><\/tbody><\/table><\/figure>\n\n\n\n<h3 class=\"wp-block-heading\"><strong>Analytick\u00e9&nbsp;<\/strong><strong>cookies<\/strong><\/h3>\n\n\n\n<figure class=\"wp-block-table\"><table><tbody><tr><td><strong>N\u00e1zev cookie<\/strong><\/td><td><strong>Typ cookie<\/strong><\/td><td><strong>\u00da\u010del&nbsp;<\/strong><\/td><td><strong>Zaznamen\u00e1van\u00e9 \u00fadaje<\/strong><\/td><td><strong>Doba trv\u00e1n\u00ed<\/strong><\/td><td><strong>P\u016fvod cookie a souvisej\u00edc\u00ed informace<\/strong><\/td><\/tr><tr><td>_ga, _gat, _gid<\/td><td>http<\/td><td>Statistick\u00e1 data o n\u00e1v\u0161t\u011bvnosti<\/td><td>P\u0159i\u0159azen\u00ed ID k&nbsp;u\u017eivateli<\/td><td>2 roky<\/td><td>Google Analytics<\/td><\/tr><tr><td>_hjAbsoluteSessionInProgress, _hjFirstSeen, _hjIndludedINPageViewSample, _hjTLDTest, hjSesssionUser,<\/td><td>http<\/td><td>Statistick\u00e1 data o n\u00e1v\u0161t\u011bvnosti<\/td><td>P\u0159i\u0159azen\u00ed ID k&nbsp;u\u017eivateli<\/td><td>1 den<\/td><td>HotJar<\/td><\/tr><tr><td>_AnalyticsSyncHistory<\/td><td>http<\/td><td>Synchronizace dat s&nbsp;analytick\u00fdmi n\u00e1stroji t\u0159et\u00edch stran.<\/td><td>P\u0159i\u0159azen\u00ed ID k u\u017eivateli<\/td><td>29 dn\u016f<\/td><td>LinkedIn<\/td><\/tr><\/tbody><\/table><\/figure>\n\n\n\n<h3 class=\"wp-block-heading\"><strong>Marketingov\u00e9<\/strong><strong>&nbsp;cookies<\/strong><\/h3>\n\n\n\n<figure class=\"wp-block-table\"><table><tbody><tr><td><strong>N\u00e1zev cookie<\/strong><\/td><td><strong>Typ cookie<\/strong><\/td><td><strong>\u00da\u010del&nbsp;<\/strong><\/td><td><strong>Zaznamen\u00e1van\u00e9 \u00fadaje<\/strong><\/td><td><strong>Doba trv\u00e1n\u00ed<\/strong><\/td><td><strong>P\u016fvod cookie a souvisej\u00edc\u00ed informace<\/strong><\/td><\/tr><tr><td>Consent, Visitor_Info1_Live, YSC, YT-remote-cast-available, YT-remote-cast-installed, YT-remote-connected-devices, yt-remote-device-id, yt-remote-fast-check-period, yt-remote-session-app, yt-remote-session-name<\/td><td>http<\/td><td>Banner v&nbsp;r\u00e1mci YouTube<\/td><td>Souhlas u\u017eivatele s&nbsp;marketingovou kategori\u00ed v&nbsp;banneru<\/td><td>2 roky, Session, persistent<\/td><td>Youtube.com<\/td><\/tr><tr><td>Sid, retargeting<\/td><td><\/td><td>Retargeting<\/td><td>P\u0159i\u0159azen\u00ed ID<\/td><td>29 dn\u016f<\/td><td>Seznam.cz<\/td><\/tr><tr><td>lang<\/td><td>http<\/td><td>Retargeting<\/td><td>P\u0159i\u0159azen\u00ed ID<\/td><td>Session<\/td><td>Ads.linkedin.com<\/td><\/tr><tr><td>_fbp, fr, tr<\/td><td>http<\/td><td>Facebook pou\u017e\u00edv\u00e1 pro RTB t\u0159et\u00edch stran.<\/td><td>P\u0159i\u0159azen\u00ed ID<\/td><td>3 m\u011bs\u00edce<\/td><td>Facebook.com<\/td><\/tr><tr><td>_gcl_au<\/td><td>http<\/td><td>Experimentov\u00e1n\u00ed s&nbsp;\u00fa\u010dinnost\u00ed reklam nap\u0159\u00ed\u010d internetem.<\/td><td>P\u0159i\u0159azen\u00ed ID<\/td><td>3 m\u011bs\u00edce<\/td><td>Google<\/td><\/tr><tr><td>bcookie, _bscookie. Lidc, UserMatchHistory<\/td><td>http<\/td><td>LinkedIn kontroluje pou\u017e\u00edvan\u00ed sv\u00fdch slu\u017eeb na webech t\u0159et\u00edch stran<\/td><td>P\u0159i\u0159azen\u00ed ID<\/td><td>2 roky<\/td><td>LinkedIn<\/td><\/tr><tr><td>IDE, pagead_conversion, pagead_user_list, viewthroughconversion<\/td><td>http, Pixel<\/td><td>Chov\u00e1n\u00ed u\u017eivatele na webu a klik\u00e1n\u00ed na reklamy.<\/td><td>P\u0159i\u0159azen\u00ed ID<\/td><td>1 rok, Session<\/td><td>Google DoubleClick.net<\/td><\/tr><\/tbody><\/table><\/figure>\n\n\n\n<h2 class=\"wp-block-heading\"><strong>JAK MOHU SPRAVOVAT NASTAVEN\u00cd COOKIES NA TOMTO WEBU?<\/strong><\/h2>\n\n\n\n<p>Souhlas s&nbsp;pou\u017e\u00edv\u00e1n\u00edm preferen\u010dn\u00edch, analytick\u00fdch a marketingov\u00fdch cookies na na\u0161em webu ud\u011blujete(pokud se tak rozhodnete) v&nbsp;r\u00e1mci cookies li\u0161ty. K&nbsp;nasazen\u00ed technick\u00fdch cookies jsme opr\u00e1vn\u011bni na z\u00e1klad\u011b relevantn\u00ed legislativy a V\u00e1\u0161 souhlas k&nbsp;jejich pou\u017eit\u00ed tedy nepot\u0159ebujeme.<\/p>\n\n\n\n<p>Pozd\u011bji m\u016f\u017eete sv\u00e9 preference ohledn\u011b cookies na na\u0161em webu kdykoli upravit prost\u0159ednictv\u00edm centra spr\u00e1vy cookies na na\u0161em webu.<\/p>\n\n\n\n<p>Cookies d\u00e1le m\u016f\u017eete spravovat v\u010detn\u011b z\u00e1kazu (kompletn\u011b nebo vybran\u00e9) p\u0159\u00edmo ve Va\u0161em prohl\u00ed\u017ee\u010di:<\/p>\n\n\n\n<figure class=\"wp-block-table\"><table><tbody><tr><td><strong>Google Chrome<\/strong><\/td><td><a href=\"https:\/\/support.google.com\/accounts\/answer\/61416?hl=cs\"><strong>nastavit<\/strong><\/a><\/td><\/tr><tr><td><strong>Mozilla Firefox<\/strong><\/td><td><a href=\"https:\/\/support.mozilla.org\/cs\/kb\/blokovani-cookies\"><strong>nastavit<\/strong><\/a><\/td><\/tr><tr><td><strong>Internet Explorer<\/strong><\/td><td><a href=\"http:\/\/windows.microsoft.com\/cs-cz\/windows-vista\/block-or-allow-cookies\"><strong>nastavit<\/strong><\/a><\/td><\/tr><tr><td><strong>Safari<\/strong><\/td><td><a href=\"https:\/\/support.apple.com\/cs-cz\/HT201265\"><strong>nastavit<\/strong><\/a><\/td><\/tr><tr><td><strong>Opera<\/strong><\/td><td><a href=\"http:\/\/help.opera.com\/Windows\/9.64\/cs\/cookies.html\"><strong>nastavit<\/strong><\/a><\/td><\/tr><\/tbody><\/table><\/figure>\n\n\n\n<h2 class=\"wp-block-heading\"><strong>SPOLUPR\u00c1CE SE T\u0158ET\u00cdMI STRANAMI<\/strong><\/h2>\n\n\n\n<p>V&nbsp;r\u00e1mci na\u0161ich marketingov\u00fdch aktivit vyu\u017e\u00edv\u00e1me data z\u00edskan\u00e1 prost\u0159ednictv\u00edm cookies ve spolupr\u00e1ci se t\u0159et\u00edmi stranami uveden\u00fdmi n\u00ed\u017ee, abychom mohli zac\u00edlit na\u0161e reklamn\u00ed sd\u011blen\u00ed na osoby, kter\u00e9 ji\u017e v&nbsp;minulosti na\u0161i webovou str\u00e1nku nav\u0161t\u00edvily. Pokud chcete tuto mo\u017enost zak\u00e1zat, obra\u0165te se, pros\u00edm, p\u0159\u00edmo na na\u0161e spolupracuj\u00edc\u00ed t\u0159et\u00ed strany:<\/p>\n\n\n\n<ul class=\"wp-block-list\">\n<li>Facebook (Facebook Ireland Ltd.):&nbsp;<a href=\"https:\/\/cs-cz.facebook.com\/\">https:\/\/cs-cz.facebook.com<\/a>;<\/li>\n\n\n\n<li>Google (Google Ireland Ltd.):&nbsp;<a href=\"https:\/\/adssettings.google.com\/\">https:\/\/adssettings.google.com<\/a>;<\/li>\n\n\n\n<li>cz, a.s.:https:\/\/o.seznam.cz\/personalizovana-reklama\/;<\/li>\n\n\n\n<li>LinkedIn (LinkedIn Ireland Ltd.):https:\/\/www.linkedin.com\/psettings\/guest-controls\/retargeting-opt-out.<\/li>\n<\/ul>\n\n\n\n<p>Bli\u017e\u0161\u00ed informace o n\u00e1stroj\u00edch, kter\u00e9 n\u00e1m pro na\u0161e marketingov\u00e9 aktivity v\u00fd\u0161e uveden\u00ed partne\u0159i poskytuj\u00ed, najdete zde:<\/p>\n\n\n\n<ul class=\"wp-block-list\">\n<li>Facebook (Facebook Ireland Ltd.):&nbsp;<a href=\"https:\/\/cs-cz.facebook.com\/business\/ads\/dynamic-ads\">https:\/\/cs-cz.facebook.com\/business\/ads\/dynamic-ads<\/a>;<\/li>\n\n\n\n<li>Google (Google Ireland Ltd.):&nbsp;<a href=\"https:\/\/support.google.com\/google-ads\/answer\/2453998?hl=cs\">https:\/\/support.google.com\/google-ads\/answer\/2453998?hl=cs<\/a>;<\/li>\n\n\n\n<li>cz, a.s.:<a href=\"https:\/\/o.seznam.cz\/personalizovana-reklama\/\">https:\/\/o.seznam.cz\/personalizovana-reklama\/<\/a>;<\/li>\n\n\n\n<li>LinkedIn (LinkedIn Ireland Ltd.): https:\/\/www.linkedin.com\/help\/linkedin\/answer\/a427660?lang=en<\/li>\n<\/ul>\n\n\n\n<h2 class=\"wp-block-heading\"><strong>INFORMACE O ZPRACOV\u00c1N\u00cd OSOBN\u00cdCH \u00daDAJ\u016e<\/strong><\/h2>\n\n\n\n<p>Bli\u017e\u0161\u00ed informace o zpracov\u00e1n\u00ed osobn\u00edch \u00fadaj\u016f, v\u010detn\u011b Va\u0161ich pr\u00e1v najdete&nbsp;<a href=\"https:\/\/www.homeportal.cz\/ochrana-osobnich-udaju\/\" target=\"_blank\" rel=\"noopener\" title=\"\">zde<\/a>.<\/p>\n","protected":false},"excerpt":{"rendered":"<p>Spole\u010dnost&nbsp;Portal Jungle, s.r.o. I\u010cO: 07613750, se s\u00eddlem V\u00e1clavsk\u00e9 n\u00e1m\u011bst\u00ed 841\/3, Nov\u00e9 M\u011bsto, 110 00 Praha&nbsp;1, zapsan\u00e1 v&nbsp;obchodn\u00edm rejst\u0159\u00edku veden\u00e9m M\u011bstsk\u00fdm soudem v&nbsp;Praze pod sp. zn. C 304069 provozuje webov\u00e9 str\u00e1nky www.homeportal.cz, kter\u00e9 pou\u017e\u00edvaj\u00ed soubory cookies. N\u00ed\u017ee poskytujeme bli\u017e\u0161\u00ed informace o pou\u017e\u00edvan\u00fdch souborech cookies a mo\u017enostech jejich odm\u00edtnut\u00ed. CO JSOU TO SOUBORY COOKIES? Cookies jsou mal\u00e9&#8230;<\/p>\n","protected":false},"author":1,"featured_media":0,"parent":0,"menu_order":0,"comment_status":"closed","ping_status":"open","template":"","meta":{"_acf_changed":false,"inline_featured_image":false,"footnotes":""},"class_list":["post-3262","page","type-page","status-publish","hentry"],"acf":[],"aioseo_notices":[],"_links":{"self":[{"href":"https:\/\/www.homeportal.cz\/cs\/wp-json\/wp\/v2\/pages\/3262","targetHints":{"allow":["GET"]}}],"collection":[{"href":"https:\/\/www.homeportal.cz\/cs\/wp-json\/wp\/v2\/pages"}],"about":[{"href":"https:\/\/www.homeportal.cz\/cs\/wp-json\/wp\/v2\/types\/page"}],"author":[{"embeddable":true,"href":"https:\/\/www.homeportal.cz\/cs\/wp-json\/wp\/v2\/users\/1"}],"replies":[{"embeddable":true,"href":"https:\/\/www.homeportal.cz\/cs\/wp-json\/wp\/v2\/comments?post=3262"}],"version-history":[{"count":2,"href":"https:\/\/www.homeportal.cz\/cs\/wp-json\/wp\/v2\/pages\/3262\/revisions"}],"predecessor-version":[{"id":3311,"href":"https:\/\/www.homeportal.cz\/cs\/wp-json\/wp\/v2\/pages\/3262\/revisions\/3311"}],"wp:attachment":[{"href":"https:\/\/www.homeportal.cz\/cs\/wp-json\/wp\/v2\/media?parent=3262"}],"curies":[{"name":"wp","href":"https:\/\/api.w.org\/{rel}","templated":true}]}}