{"id":3278,"date":"2023-08-08T16:11:19","date_gmt":"2023-08-08T14:11:19","guid":{"rendered":"https:\/\/www.homeportal.cz\/?page_id=3278"},"modified":"2023-08-08T16:17:29","modified_gmt":"2023-08-08T14:17:29","slug":"pravni-dokumenty","status":"publish","type":"page","link":"https:\/\/www.homeportal.cz\/cs\/pravni-dokumenty\/","title":{"rendered":"Pr\u00e1vn\u00ed dokumenty"},"content":{"rendered":"\n<h3 class=\"wp-block-heading\">Projd\u011bte si d\u016fle\u017eit\u00e9 pr\u00e1vn\u00ed dokumenty:<\/h3>\n\n\n\n<p><a href=\"https:\/\/www.homeportal.cz\/cs\/ochrana-osobnich-udaju\/\" target=\"_blank\" rel=\"noopener\" title=\"Z\u00e1sady ochrany osobn\u00edch \u00fadaj\u016f\">Informace o zpracov\u00e1n\u00ed osobn\u00edch \u00fadaj\u016f<\/a><\/p>\n\n\n\n<p><a href=\"https:\/\/www.homeportal.cz\/cs\/cookies\/\" target=\"_blank\" rel=\"noopener\" title=\"Cookies\">Cookies<\/a><\/p>\n\n\n\n<p><a href=\"https:\/\/www.homeportal.cz\/cs\/vseobecne-obchodni-podminky\/\" target=\"_blank\" rel=\"noopener\" title=\"V\u0161eobecn\u00e9 obchodn\u00ed podm\u00ednky\">V\u0161eobecn\u00e9 obchodn\u00ed podm\u00ednky<\/a><\/p>\n","protected":false},"excerpt":{"rendered":"<p>Projd\u011bte si d\u016fle\u017eit\u00e9 pr\u00e1vn\u00ed dokumenty: Informace o zpracov\u00e1n\u00ed osobn\u00edch \u00fadaj\u016f Cookies V\u0161eobecn\u00e9 obchodn\u00ed podm\u00ednky<\/p>\n","protected":false},"author":1,"featured_media":0,"parent":0,"menu_order":0,"comment_status":"closed","ping_status":"open","template":"","meta":{"_acf_changed":false,"inline_featured_image":false,"footnotes":""},"class_list":["post-3278","page","type-page","status-publish","hentry"],"acf":[],"aioseo_notices":[],"_links":{"self":[{"href":"https:\/\/www.homeportal.cz\/cs\/wp-json\/wp\/v2\/pages\/3278","targetHints":{"allow":["GET"]}}],"collection":[{"href":"https:\/\/www.homeportal.cz\/cs\/wp-json\/wp\/v2\/pages"}],"about":[{"href":"https:\/\/www.homeportal.cz\/cs\/wp-json\/wp\/v2\/types\/page"}],"author":[{"embeddable":true,"href":"https:\/\/www.homeportal.cz\/cs\/wp-json\/wp\/v2\/users\/1"}],"replies":[{"embeddable":true,"href":"https:\/\/www.homeportal.cz\/cs\/wp-json\/wp\/v2\/comments?post=3278"}],"version-history":[{"count":2,"href":"https:\/\/www.homeportal.cz\/cs\/wp-json\/wp\/v2\/pages\/3278\/revisions"}],"predecessor-version":[{"id":3283,"href":"https:\/\/www.homeportal.cz\/cs\/wp-json\/wp\/v2\/pages\/3278\/revisions\/3283"}],"wp:attachment":[{"href":"https:\/\/www.homeportal.cz\/cs\/wp-json\/wp\/v2\/media?parent=3278"}],"curies":[{"name":"wp","href":"https:\/\/api.w.org\/{rel}","templated":true}]}}