{"id":10734,"date":"2024-12-15T22:13:30","date_gmt":"2024-12-15T21:13:30","guid":{"rendered":"https:\/\/www.homeportal.cz\/allgemeine-bedingungen-und-konditionen\/"},"modified":"2024-12-15T22:13:30","modified_gmt":"2024-12-15T21:13:30","slug":"allgemeine-bedingungen-und-konditionen","status":"publish","type":"page","link":"https:\/\/www.homeportal.cz\/de\/allgemeine-bedingungen-und-konditionen\/","title":{"rendered":"Allgemeine Bedingungen und Konditionen"},"content":{"rendered":"\n<h2 class=\"wp-block-heading\"><strong>BEDINGUNGEN F\u00dcR DEN INTERNETDIENST HOME PORTAL<\/strong><\/h2>\n\n<p>(<strong>&#8222;Bedingungen<\/strong>&#8222;)<\/p>\n\n<h3 class=\"wp-block-heading\"><strong>I. Einleitende Bestimmungen<\/strong><\/h3>\n\n<ol class=\"wp-block-list\" type=\"1\">\n<li>Diese Allgemeinen Gesch\u00e4ftsbedingungen regeln die Bedingungen f\u00fcr die Bereitstellung des Dienstes <a href=\"http:\/\/www.homeportal.cz\" target=\"_blank\" rel=\"noopener\" title=\"Startseite Portal\">Home Portal<\/a> durch Portal Jungle, s.r.o., Gesellschaftsnummer 07613750, mit Sitz in V\u00e1clavsk\u00e9 n\u00e1m\u011bst\u00ed 841\/3, 110 00 Prag 1, eingetragen im Handelsregister des Stadtgerichts Prag unter dem Aktenzeichen C 304069 (im Folgenden <strong>&#8222;Anbieter&#8220;<\/strong> genannt <strong>)<\/strong>, wie in diesen Allgemeinen Gesch\u00e4ftsbedingungen n\u00e4her beschrieben (im Folgenden <strong>&#8222;Dienst&#8220;<\/strong> genannt <strong>)<\/strong>. Der Dienst kann von jeder voll gesch\u00e4ftsf\u00e4higen nat\u00fcrlichen Person (im Folgenden <strong>&#8222;Interessent&#8220;<\/strong> genannt <strong>)<\/strong> genutzt werden. <\/li>\n\n\n\n<li>Der Dienst ist online auf der Website des Anbieters unter der Domain <strong>homeportal.cz oder <\/strong>auf anderen Websites des Anbieters (im Folgenden als <strong>&#8222;Portal&#8220; bezeichnet)<\/strong> verf\u00fcgbar.<\/li>\n\n\n\n<li>Durch die Nutzung des Portals erkl\u00e4rt sich der Interessent mit den Allgemeinen Gesch\u00e4ftsbedingungen einverstanden.<\/li>\n\n\n\n<li>Das Portal als Gegenstand des geistigen Eigentums, insbesondere als urheberrechtliches Werk, ist durch die einschl\u00e4gige Gesetzgebung gesch\u00fctzt, insbesondere durch das Gesetz Nr. 121\/2000 Slg., das Urheberrechtsgesetz, in seiner ge\u00e4nderten Fassung. Alle Rechte an dem Portal geh\u00f6ren somit dem Anbieter und werden ausschlie\u00dflich von ihm ausge\u00fcbt.<\/li>\n\n\n\n<li>Der Anbieter ist als unabh\u00e4ngiger Vermittler gem\u00e4\u00df dem Gesetz Nr. 257\/2016 Slg. \u00fcber den Verbraucherkredit in seiner ge\u00e4nderten Fassung (im Folgenden<strong>&#8222;VVG&#8220; genannt)<\/strong> zur Vermittlung von Verbraucherkrediten berechtigt. Der Anbieter erbringt jedoch keine Verbraucherkreditvermittlung im Namen und f\u00fcr Rechnung des Antragstellers im Rahmen des Dienstleistungsvertrags, dessen Inhalt durch diese Allgemeinen Gesch\u00e4ftsbedingungen (im Folgenden &#8220; <strong>Vertrag&#8220; genannt)<\/strong> geregelt wird, und diese Allgemeinen Gesch\u00e4ftsbedingungen und der Vertrag stellen keinen Vertrag \u00fcber die Vermittlung von Verbraucherkrediten oder einen anderen Vertrag zwischen einem Vermittler und einem Verbraucher im Sinne des GAV dar, und der Anbieter erbringt keine Dienstleistung f\u00fcr den Antragsteller im Sinne des GAV. <\/li>\n\n\n\n<li>Der Anbieter ist auch berechtigt, als Immobilienvermittler gem\u00e4\u00df dem Gesetz Nr. 39\/2020 Slg. \u00fcber die Immobilienvermittlung in seiner ge\u00e4nderten Fassung (im Folgenden<strong>&#8222;ZRZ&#8220;<\/strong> genannt<strong>)<\/strong> Immobilien zu vermitteln. Auf der Grundlage des Vertrages erbringt der Anbieter jedoch keine Immobilienvermittlungsdienstleistungen f\u00fcr den Interessenten, und diese Allgemeinen Gesch\u00e4ftsbedingungen und der Vertrag stellen keinen Immobilienvermittlungsvertrag oder einen anderen Vertrag zwischen einem Vermittler und einem Verbraucher im Sinne des Immobiliengesetzes dar, und der Anbieter erbringt keine Dienstleistungen f\u00fcr den Interessenten im Sinne des Immobiliengesetzes.   <\/li>\n<\/ol>\n\n<h3 class=\"wp-block-heading\"><strong>II. Vertrag <\/strong><\/h3>\n\n<ol class=\"wp-block-list\" type=\"1\">\n<li>Der Interessent veranlasst die Bereitstellung des Dienstes, indem er den Online-Antrag auf dem Portal des Anbieters ausf\u00fcllt, indem er die Option zum Absenden des Formulars best\u00e4tigt, nachdem er alle erforderlichen Daten ausgef\u00fcllt hat. Der Antragsteller ist verpflichtet, das Antragsformular nur mit wahren und aktuellen Daten auszuf\u00fcllen. Der Anbieter \u00fcberpr\u00fcft diese Daten in keiner Weise, ist nicht f\u00fcr ihre Richtigkeit verantwortlich und somit auch nicht f\u00fcr die Folgen der Verwendung falscher, veralteter oder anderweitig falscher Daten.  <\/li>\n\n\n\n<li>Mit der Best\u00e4tigung des Antrags auf dem Portal akzeptiert der Antragsteller diese Allgemeinen Gesch\u00e4ftsbedingungen und schlie\u00dft damit den Vertrag ab. Der Antragsteller kann auf diese Weise mehr als einen Vertrag abschlie\u00dfen.   <\/li>\n\n\n\n<li>Die Verarbeitung von Daten, die personenbezogene Daten des Antragstellers darstellen, unterliegt den Allgemeinen Gesch\u00e4ftsbedingungen f\u00fcr die Verarbeitung personenbezogener Daten, die jederzeit auf dem Portal verf\u00fcgbar sind.<\/li>\n\n\n\n<li>Jeder Vertrag, einschlie\u00dflich dieser Allgemeinen Gesch\u00e4ftsbedingungen, wird beim Anbieter elektronisch gespeichert. Der Vertrag wird in tschechischer Sprache abgeschlossen und kann nur in tschechischer Sprache abgeschlossen werden. Die einzelnen technischen Schritte, die zum Abschluss des Vertrags f\u00fchren, sind in den Abs\u00e4tzen 1 &#8211; 3 dieses Artikels aufgef\u00fchrt.  <\/li>\n<\/ol>\n\n<h3 class=\"wp-block-heading\"><strong>III. Service <\/strong><\/h3>\n\n<p>Der Umfang des Dienstes h\u00e4ngt von den Daten und Anforderungen ab, die der Antragsteller in seinem Antrag angibt:<\/p>\n\n<ul class=\"wp-block-list\">\n<li>shrom\u00e1\u017ed\u011bn\u00ed a vyhodnocen\u00ed \u00fadaj\u016f Z\u00e1jemce;<ul><li>zaji\u0161t\u011bn\u00ed nab\u00eddky spot\u0159ebitelsk\u00fdch \u00fav\u011br\u016f na bydlen\u00ed, kter\u00e9 r\u00e1mcov\u011b vyhovuj\u00ed po\u017eadavk\u016fm a pot\u0159eb\u00e1m Z\u00e1jemce, a to zejm\u00e9na na z\u00e1klad\u011b posouzen\u00ed \u00fadaj\u016f Z\u00e1jemce vzhledem k&nbsp;nab\u00eddk\u00e1m, podm\u00ednk\u00e1m a pravidl\u016fm jednotliv\u00fdch poskytovatel\u016f \u00fav\u011br\u016f, p\u0159\u00edpadn\u011b samostatn\u00fdch zprost\u0159edkovatel\u016f \u00fav\u011br\u016f, a to prost\u0159ednictv\u00edm p\u0159ed\u00e1n\u00ed \u00fadaj\u016f dle n\u00e1sleduj\u00edc\u00edho bodu;<\/li><\/ul><ul><li>Kontaktaufnahme mit den entsprechenden Anbietern oder Vermittlern des fraglichen Verbraucherkredits, deren Angebote den Anforderungen des Antragstellers entsprechen, einschlie\u00dflich der Weiterleitung der Daten des Antragstellers an diese Anbieter oder Vermittler;<\/li><\/ul><ul><li>zaji\u0161t\u011bn\u00ed nab\u00eddky nemovit\u00e9 v\u011bci ke koupi Z\u00e1jemcem, p\u0159\u00edpadn\u011b k&nbsp;prodeji nemovit\u00e9 v\u011bci Z\u00e1jemcem, kter\u00e1 r\u00e1mcov\u011b vyhovuje po\u017eadavk\u016fm a pot\u0159eb\u00e1m Z\u00e1jemce, a to zejm\u00e9na na z\u00e1klad\u011b posouzen\u00ed \u00fadaj\u016f Z\u00e1jemce vzhledem k&nbsp;nab\u00eddk\u00e1m, podm\u00ednk\u00e1m a pravidl\u016fm jednotliv\u00fdch prod\u00e1vaj\u00edc\u00edch nebo kupuj\u00edc\u00edch, p\u0159\u00edpadn\u011b jejich z\u00e1stupc\u016f (realitn\u00edch zprost\u0159edkovatel\u016f), a to prost\u0159ednictv\u00edm p\u0159ed\u00e1n\u00ed \u00fadaj\u016f dle n\u00e1sleduj\u00edc\u00edho bodu;<\/li><\/ul>\n<ul class=\"wp-block-list\">\n<li>Kontaktaufnahme mit den jeweiligen Verk\u00e4ufern oder K\u00e4ufern der Immobilie oder deren Vertretern (Immobilienmakler), deren Angebot oder Nachfrage den Anforderungen des Antragstellers entspricht, einschlie\u00dflich der \u00dcbermittlung der Daten des Antragstellers an diese Personen.<\/li>\n<\/ul>\n<\/li>\n\n\n\n<li>Der Service umfasst ausschlie\u00dflich die im vorstehenden Absatz aufgef\u00fchrten Aktivit\u00e4ten, und der Anbieter garantiert nicht, dass der Antragsteller tats\u00e4chlich ein Angebot gem\u00e4\u00df dem vorstehenden Absatz erh\u00e4lt oder von dem betreffenden Dienstleister oder einer anderen dritten Partei kontaktiert wird.  <\/li>\n\n\n\n<li>Der Provider stellt dem Antragsteller den Service kostenlos zur Verf\u00fcgung.<\/li>\n<\/ul>\n\n<h3 class=\"wp-block-heading\"><strong>IV. Schlussbestimmungen <\/strong><\/h3>\n\n<ol class=\"wp-block-list\" type=\"1\">\n<li>Der Vertrag hat eine feste Laufzeit von f\u00fcnf Jahren.<\/li>\n\n\n\n<li>Sowohl der Antragsteller als auch der Anbieter sind berechtigt, den Vertrag jederzeit ohne Angabe von Gr\u00fcnden zu k\u00fcndigen, indem sie eine E-Mail an die Kontakt-E-Mail-Adresse der anderen Partei senden. Die K\u00fcndigungsfrist betr\u00e4gt einen Monat und beginnt am ersten Tag des Kalendermonats, der auf die Zustellung der K\u00fcndigung folgt. Der Interessent erkennt an, dass er auch nach Ablauf dieser K\u00fcndigungsfrist von einem Dritten mit einem Angebot kontaktiert werden kann, das sich aus der vertragsgem\u00e4\u00dfen \u00dcbermittlung der Daten des Interessenten f\u00fcr die Dauer des Vertrages ergibt.    <\/li>\n\n\n\n<li>Diese Allgemeinen Gesch\u00e4ftsbedingungen, der Vertrag sowie die Rechtsbeziehungen zwischen dem Antragsteller und dem Anbieter unter diesen Allgemeinen Gesch\u00e4ftsbedingungen unterliegen dem Recht der Tschechischen Republik.<\/li>\n\n\n\n<li>Z\u00e1jemce se v&nbsp;p\u0159\u00edpad\u011b pot\u0159eby \u0159e\u0161en\u00ed p\u0159\u00edpadn\u00fdch spor\u016f ze Smlouvy nebo t\u011bchto Podm\u00ednek mimosoudn\u00ed cestou m\u016f\u017ee obr\u00e1tit na:<ol><li>die tschechische Gewerbeaufsichtsbeh\u00f6rde zum Zwecke der Beilegung von Verbraucherstreitigkeiten gem\u00e4\u00df den Bestimmungen von Abschnitt 20e des Gesetzes Nr. 634\/1992 Slg. \u00fcber Verbraucherschutz in seiner ge\u00e4nderten Fassung, oder  <\/li><\/ol>\n<ol class=\"wp-block-list\">\n<li>die von der Europ\u00e4ischen Kommission gem\u00e4\u00df Artikel 14 der Verordnung (EU) Nr. 524\/2013 des Europ\u00e4ischen Parlaments und des Rates vom 21. Mai 2013 \u00fcber die Online-Streitbeilegung bei verbraucherrechtlichen Streitigkeiten und zur \u00c4nderung der Verordnung (EG) Nr. 2006\/2004 und der Richtlinie 2009\/22\/EG (Verordnung \u00fcber die Online-Streitbeilegung bei verbraucherrechtlichen Streitigkeiten) betriebene RSO-Plattform. Auf diese Plattform k\u00f6nnen Sie online zugreifen unter:    <\/li>\n<\/ol>\n<\/li>\n<\/ol>\n\n<p><a href=\"https:\/\/ec.europa.eu\/consumers\/odr\/main\/index.cfm?event=main.home.chooseLanguage\" target=\"_blank\" rel=\"noopener\" title=\"\">https:\/\/ec.europa.eu\/consumers\/odr\/main\/index.cfm?event=main.home.chooseLanguage<\/a><\/p>\n\n<ul class=\"wp-block-list\">\n<li>Sollte eine Bestimmung dieser Bedingungen ung\u00fcltig oder nicht durchsetzbar sein, wird die G\u00fcltigkeit oder Durchsetzbarkeit der \u00fcbrigen Bestimmungen dieser Bedingungen in keiner Weise ber\u00fchrt. Die Parteien verpflichten sich, die ung\u00fcltige oder nicht durchsetzbare Bestimmung durch eine neue Bestimmung zu ersetzen, deren Wortlaut der Absicht entspricht, die in den urspr\u00fcnglichen Bedingungen zum Ausdruck kommt. <\/li>\n\n\n\n<li>Der Interessent erkennt an, dass w\u00e4hrend der Laufzeit des Vertrages Umst\u00e4nde eintreten k\u00f6nnen, die eine \u00c4nderung der Bedingungen erforderlich machen k\u00f6nnen. Zu diesem Zweck wird vereinbart, dass der Anbieter berechtigt ist, die Bedingungen in dem erforderlichen Umfang zu \u00e4ndern. Der Anbieter informiert den Interessenten unverz\u00fcglich \u00fcber die \u00c4nderung der Bedingungen mittels einer E-Mail-Nachricht an die Kontaktadresse des Interessenten. Der Interessent ist berechtigt, die \u00c4nderung der Bedingungen abzulehnen, wovon er den Anbieter mittels einer an ihn gesendeten E-Mail-Nachricht sp\u00e4testens einen Monat nach dem Datum, an dem ihm die Mitteilung \u00fcber die \u00c4nderung der Bedingungen zugestellt wurde, in Kenntnis setzen muss, und er ist gleichzeitig berechtigt, den Vertrag innerhalb der gleichen Frist mit sofortiger Wirkung zu k\u00fcndigen (im Sinne von Artikel 1752 des Gesetzes Nr. 89\/2012 Slg.)   <\/li>\n\n\n\n<li>Diese Allgemeinen Gesch\u00e4ftsbedingungen treten am 1. Januar 2023 in Kraft. <\/li>\n<\/ul>\n\n<h2 class=\"wp-block-heading\"><strong>Regeln f\u00fcr die Bearbeitung von Beschwerden und Anspr\u00fcchen<\/strong><\/h2>\n\n<p><strong> <\/strong>(im Folgenden als<strong> &#8222;Beschwerdeverfahren&#8220;<\/strong> bezeichnet<strong> )<\/strong><\/p>\n\n<ol class=\"wp-block-list\" type=\"1\">\n<li>Dieses Beschwerdeverfahren regelt die Vorgehensweise von Portal Jungle, s.r.o., ID-Nr. 07613750, mit Sitz in V\u00e1clavsk\u00e9 n\u00e1m\u011bst\u00ed 841\/3, 110 00 Prag 1, eingetragen im Handelsregister des Amtsgerichts Prag unter dem Aktenzeichen C 304069 (im Folgenden <strong>&#8222;Anbieter&#8220; genannt)<\/strong> bei der Bearbeitung von Beschwerden und Reklamationen. Eine Beschwerde ist eine Mitteilung, in der der Kunde des Anbieters oder eine andere berechtigte Person (im Folgenden<strong>&#8222;Beschwerdef\u00fchrer<\/strong>&#8220; genannt) seine Unzufriedenheit oder Unstimmigkeit mit der Art und Weise oder dem Ergebnis der Erbringung einer bestimmten, vom Anbieter bestellten Dienstleistung zum Ausdruck bringt und\/oder auf wahrgenommene M\u00e4ngel in der T\u00e4tigkeit des Anbieters oder in den Handlungen seiner Mitarbeiter aufmerksam macht, einschlie\u00dflich Handlungen, die gegen geltende Gesetze und Vorschriften versto\u00dfen (im Folgenden<strong>&#8222;Beschwerde<\/strong>&#8220; genannt). <\/li>\n\n\n\n<li>Das Einreichen einer Beschwerde kann wie folgt erfolgen:<\/li>\n\n\n\n<li>per E-Mail an <a href=\"mailto:info@homeportal.cz\">info@homeportal.cz,<\/a> oder<\/li>\n\n\n\n<li>schriftlich per Brief an V\u00e1clavsk\u00e9 n\u00e1m\u011bst\u00ed 841\/3, 110 00 Prag 1<\/li>\n\n\n\n<li>Aus der eingereichten Beschwerde muss hervorgehen, wer sie einreicht, was der Gegenstand der Beschwerde ist und wie die Kontaktdaten des Beschwerdef\u00fchrers lauten. Daher sind die notwendigen Elemente jeder Beschwerde insbesondere die Identifizierung des Beschwerdef\u00fchrers in Form von Name, Vorname, Geburtsdatum und Adresse (oder gegebenenfalls die Identifizierung seines Vertreters), der Gegenstand der Beschwerde einschlie\u00dflich einer Beschreibung des behaupteten Sachverhalts, einschlie\u00dflich Zeitangaben und der Identifizierung des Dienstes, der Gegenstand der Beschwerde ist, und die Kontaktdaten des Beschwerdef\u00fchrers, \u00fcber die es m\u00f6glich ist, mit ihm w\u00e4hrend der Bearbeitung der Beschwerde zu kommunizieren und so den Fortschritt zu beschleunigen (E-Mail-Adresse, Telefonnummer). <\/li>\n\n\n\n<li>Jeder Antrag wird elektronisch archiviert.<\/li>\n\n\n\n<li>Der Beschwerdef\u00fchrer wird unverz\u00fcglich \u00fcber die Art und Weise der Beilegung der Beschwerde informiert, nachdem die Beschwerde beigelegt wurde. Der Anbieter ist verpflichtet, \u00fcber die Beschwerde und die m\u00f6gliche Art und Weise ihrer Beilegung unverz\u00fcglich zu entscheiden, sp\u00e4testens jedoch innerhalb von 30 Tagen ab dem Datum, an dem die Beschwerde dem Anbieter zugestellt wurde. Der Zeitraum, in dem der Beschwerdef\u00fchrer mit der Vervollst\u00e4ndigung der erforderlichen Informationen in Verzug ist, wird nicht in diese Frist eingerechnet.    <\/li>\n\n\n\n<li>Wenn der Beschwerdef\u00fchrer mit der Bearbeitung der Beschwerde nicht einverstanden ist, hat er das Recht, gegen die Bearbeitung der Beschwerde gem\u00e4\u00df den Abs\u00e4tzen 2. und 2. \u00dcber die Beschwerde entscheidet das satzungsgem\u00e4\u00dfe Organ des Providers.     <\/li>\n\n\n\n<li>Jestli\u017ee St\u011b\u017eovatel nesouhlas\u00ed s&nbsp;vy\u0159\u00edzen\u00edm Reklamace, je d\u00e1le opr\u00e1vn\u011bn se obr\u00e1tit na:<ol><li>die tschechische Gewerbeaufsichtsbeh\u00f6rde zum Zwecke der Beilegung von Verbraucherstreitigkeiten gem\u00e4\u00df den Bestimmungen von Abschnitt 20e des Gesetzes Nr. 634\/1992 Slg. \u00fcber Verbraucherschutz in seiner ge\u00e4nderten Fassung, oder  <\/li><\/ol>\n<ol class=\"wp-block-list\">\n<li>die von der Europ\u00e4ischen Kommission gem\u00e4\u00df Artikel 14 der Verordnung (EU) Nr. 524\/2013 des Europ\u00e4ischen Parlaments und des Rates vom 21. Mai 2013 \u00fcber die Online-Streitbeilegung bei verbraucherrechtlichen Streitigkeiten und zur \u00c4nderung der Verordnung (EG) Nr. 2006\/2004 und der Richtlinie 2009\/22\/EG (Verordnung \u00fcber die Online-Streitbeilegung bei verbraucherrechtlichen Streitigkeiten) betriebene RSO-Plattform. Auf diese Plattform k\u00f6nnen Sie online zugreifen unter:    <\/li>\n<\/ol>\n<\/li>\n<\/ol>\n\n<p><a href=\"https:\/\/ec.europa.eu\/consumers\/odr\/main\/index.cfm?event=main.home.chooseLanguage\" target=\"_blank\" rel=\"noopener\" title=\"\">https:\/\/ec.europa.eu\/consumers\/odr\/main\/index.cfm?event=main.home.chooseLanguage<\/a><\/p>\n\n<p>Der Anbieter informiert den Beschwerdef\u00fchrer in seiner Antwort auf die Beschwerde stets \u00fcber die M\u00f6glichkeit dieses Verfahrens.  <\/p>\n\n<ul class=\"wp-block-list\">\n<li>Dieses Beschwerdeverfahren tritt am 1. Januar 2023 in Kraft. Der Provider kann dieses Beschwerdeverfahren \u00e4ndern, und jede \u00c4nderung tritt immer an dem Tag in Kraft, an dem die aktuelle Version des Beschwerdeverfahrens auf der Website des Providers verf\u00fcgbar gemacht wird.   <\/li>\n<\/ul>\n","protected":false},"excerpt":{"rendered":"<p>BEDINGUNGEN F\u00dcR DEN INTERNETDIENST HOME PORTAL (&#8222;Bedingungen&#8222;) I. Einleitende Bestimmungen II. Vertrag III. Service Der Umfang des Dienstes h\u00e4ngt von den Daten und Anforderungen ab, die der Antragsteller in seinem Antrag angibt: IV. Schlussbestimmungen https:\/\/ec.europa.eu\/consumers\/odr\/main\/index.cfm?event=main.home.chooseLanguage Regeln f\u00fcr die Bearbeitung von Beschwerden und Anspr\u00fcchen (im Folgenden als &#8222;Beschwerdeverfahren&#8220; bezeichnet ) https:\/\/ec.europa.eu\/consumers\/odr\/main\/index.cfm?event=main.home.chooseLanguage Der Anbieter informiert den Beschwerdef\u00fchrer&#8230;<\/p>\n","protected":false},"author":1,"featured_media":0,"parent":0,"menu_order":0,"comment_status":"closed","ping_status":"open","template":"","meta":{"_acf_changed":false,"inline_featured_image":false,"footnotes":""},"class_list":["post-10734","page","type-page","status-publish","hentry"],"acf":[],"aioseo_notices":[],"_links":{"self":[{"href":"https:\/\/www.homeportal.cz\/de\/wp-json\/wp\/v2\/pages\/10734","targetHints":{"allow":["GET"]}}],"collection":[{"href":"https:\/\/www.homeportal.cz\/de\/wp-json\/wp\/v2\/pages"}],"about":[{"href":"https:\/\/www.homeportal.cz\/de\/wp-json\/wp\/v2\/types\/page"}],"author":[{"embeddable":true,"href":"https:\/\/www.homeportal.cz\/de\/wp-json\/wp\/v2\/users\/1"}],"replies":[{"embeddable":true,"href":"https:\/\/www.homeportal.cz\/de\/wp-json\/wp\/v2\/comments?post=10734"}],"version-history":[{"count":1,"href":"https:\/\/www.homeportal.cz\/de\/wp-json\/wp\/v2\/pages\/10734\/revisions"}],"predecessor-version":[{"id":10736,"href":"https:\/\/www.homeportal.cz\/de\/wp-json\/wp\/v2\/pages\/10734\/revisions\/10736"}],"wp:attachment":[{"href":"https:\/\/www.homeportal.cz\/de\/wp-json\/wp\/v2\/media?parent=10734"}],"curies":[{"name":"wp","href":"https:\/\/api.w.org\/{rel}","templated":true}]}}